{"id":44358,"date":"2024-12-23T19:35:30","date_gmt":"2024-12-23T18:35:30","guid":{"rendered":"https:\/\/steinbrenner.de\/produktuebersicht\/uncategorized\/heat-seal-sealing-film-pierceable-resealable-solvent-resistant-20-c-to-120-c\/"},"modified":"2025-01-12T20:12:08","modified_gmt":"2025-01-12T19:12:08","slug":"heat-seal-sealing-film-pierceable-resealable-solvent-resistant-20-c-to-120-c","status":"publish","type":"product","link":"https:\/\/steinbrenner.de\/en\/produktuebersicht\/consumables\/sealing-films\/heat-seal-sealing-film-pierceable-resealable-solvent-resistant-20-c-to-120-c\/","title":{"rendered":"Heat seal sealing film, pierceable, resealable, solvent-resistant, -20 \u00b0C to 120 \u00b0C"},"content":{"rendered":"<p>primaSEAL Heat Seal sealing film for PCR &amp; long-term storage; pierceable; resealable; solvent resistant; Material: aluminum; Temperaturebest\u00e4ndigkeit: -20 \u00b0C to 120 \u00b0C; Suitable for polypropylene (PP) and polyethylene (PE) plates; Free from RNA, DNA, RNase, DNase; Autoclavable;<br \/>\nSealing parameters: 160 &#8211; 175\u00b0C, 2 s; Color imprint indicates top of film;<br \/>\nAlternative to 4ti-0531;<br \/>\n1 PU = 100 sheets<br \/>\nMinimum order quantity: 4 PUs<br \/>\n<a class=\"maxbutton-2 maxbutton maxbutton-musteranfrage\" target=\"_blank\" title=\"Muster unverbindlich anfragen \u2013 SL-PS-HS1 - Heat Seal Verschlu\u00dffolie, durchstechbar, wiederverschlie\u00dfbar, l\u00f6sungsmittelresistent, -20 \u00b0C bis 120 \u00b0C\" rel=\"noopener\" href=\"https:\/\/steinbrenner.de\/ueber-uns\/muster-anfragen\/?sample=SL-PS-HS1\"><span class='mb-text'>Request sample<\/span><\/a>\n<a class=\"maxbutton-1 maxbutton maxbutton-produktseite\" target=\"_blank\" title=\"Heat Seal Verschlu\u00dffolie, durchstechbar, wiederverschlie\u00dfbar, l\u00f6sungsmittelresistent, -20 \u00b0C bis 120 \u00b0C\" rel=\"noopener\" href=\"https:\/\/steinbrenner.de\/verbrauchsmaterial\/verschlussfolien\/\"><span class='mb-text'>To the product page<\/span><\/a>\n","protected":false},"excerpt":{"rendered":"<p>primaSEAL Heat Seal sealing film for PCR &amp; long-term storage; pierceable; resealable; solvent resistant; Material: aluminum; Temperaturebest\u00e4ndigkeit: -20 \u00b0C to 120 \u00b0C; Suitable for polypropylene (PP) and polyethylene (PE) plates; Free from RNA, DNA, RNase, DNase; Autoclavable; Sealing parameters: 160 &#8211; 175\u00b0C, 2 s; Color imprint indicates top of film; Alternative to 4ti-0531; 1 PU [&hellip;]<\/p>\n","protected":false},"featured_media":43548,"comment_status":"open","ping_status":"closed","template":"","meta":{"_acf_changed":false},"product_brand":[],"product_cat":[524,804],"product_tag":[],"class_list":{"0":"post-44358","1":"product","2":"type-product","3":"status-publish","4":"has-post-thumbnail","6":"product_cat-consumables","7":"product_cat-sealing-films","9":"first","10":"instock","11":"taxable","12":"shipping-taxable","13":"purchasable","14":"product-type-simple"},"acf":[],"_links":{"self":[{"href":"https:\/\/steinbrenner.de\/en\/wp-json\/wp\/v2\/product\/44358","targetHints":{"allow":["GET"]}}],"collection":[{"href":"https:\/\/steinbrenner.de\/en\/wp-json\/wp\/v2\/product"}],"about":[{"href":"https:\/\/steinbrenner.de\/en\/wp-json\/wp\/v2\/types\/product"}],"replies":[{"embeddable":true,"href":"https:\/\/steinbrenner.de\/en\/wp-json\/wp\/v2\/comments?post=44358"}],"wp:featuredmedia":[{"embeddable":true,"href":"https:\/\/steinbrenner.de\/en\/wp-json\/wp\/v2\/media\/43548"}],"wp:attachment":[{"href":"https:\/\/steinbrenner.de\/en\/wp-json\/wp\/v2\/media?parent=44358"}],"wp:term":[{"taxonomy":"product_brand","embeddable":true,"href":"https:\/\/steinbrenner.de\/en\/wp-json\/wp\/v2\/product_brand?post=44358"},{"taxonomy":"product_cat","embeddable":true,"href":"https:\/\/steinbrenner.de\/en\/wp-json\/wp\/v2\/product_cat?post=44358"},{"taxonomy":"product_tag","embeddable":true,"href":"https:\/\/steinbrenner.de\/en\/wp-json\/wp\/v2\/product_tag?post=44358"}],"curies":[{"name":"wp","href":"https:\/\/api.w.org\/{rel}","templated":true}]}}