{"id":44571,"date":"2025-01-23T15:53:32","date_gmt":"2025-01-23T14:53:32","guid":{"rendered":"https:\/\/steinbrenner.de\/produktuebersicht\/unkategorisiert\/manuelle-magnetplatte-fuer-1-5-2-ml-tubes\/"},"modified":"2026-03-04T14:47:46","modified_gmt":"2026-03-04T13:47:46","slug":"manuelle-magnetplatte-fuer-1-5-2-ml-tubes","status":"publish","type":"product","link":"https:\/\/steinbrenner.de\/en\/produktuebersicht\/magnetic-beads-en\/magnetic-neads-accessories\/magnets\/manuelle-magnetplatte-fuer-1-5-2-ml-tubes\/","title":{"rendered":"Manuelle Magnetplatte f\u00fcr 1.5\/2 ml Tubes"},"content":{"rendered":"<p>Manuelle Magnetplatte f\u00fcr 1.5\/2 ml Tubes; Extra-starke 12er-Magnetplatte aus Acrylglas; mit je 12 on-magnet- und 12 off-magnet-Positionen; f\u00fcr 1,5 ml und 2,0 ml Reaktionsgef\u00e4\u00dfe; zur schnellen manuellen Probenaufreinigung mit magnetischen Beads; optimiert f\u00fcr MagSi-Magnetic Beads.<br \/>\nVE = 1 Stk.<br \/>\n<a class=\"maxbutton-2 maxbutton maxbutton-musteranfrage\" target=\"_blank\" title=\"Muster unverbindlich anfragen \u2013 MD90001 - Manuelle Magnetplatte f\u00fcr 1.5\/2 ml Tubes\" rel=\"noopener\" href=\"https:\/\/steinbrenner.de\/ueber-uns\/muster-anfragen\/?sample=MD90001\"><span class='mb-text'>Muster anfragen<\/span><\/a>\n<a class=\"maxbutton-1 maxbutton maxbutton-produktseite\" target=\"_blank\" title=\"Manuelle Magnetplatte f\u00fcr 1.5\/2 ml Tubes\" rel=\"noopener\" href=\"https:\/\/steinbrenner.de\/magnetic-beads\/magnetracks-und-staender\/\"><span class='mb-text'>Zur Produktseite<\/span><\/a>\n","protected":false},"excerpt":{"rendered":"<p>Manuelle Magnetplatte f\u00fcr 1.5\/2 ml Tubes; Extra-starke 12er-Magnetplatte aus Acrylglas; mit je 12 on-magnet- und 12 off-magnet-Positionen; f\u00fcr 1,5 ml und 2,0 ml Reaktionsgef\u00e4\u00dfe; zur schnellen manuellen Probenaufreinigung mit magnetischen Beads; optimiert f\u00fcr MagSi-Magnetic Beads. VE = 1 Stk.<\/p>\n","protected":false},"featured_media":44562,"comment_status":"open","ping_status":"closed","template":"","meta":{"_acf_changed":false},"product_brand":[],"product_cat":[105,93,364,110,120,774,119,363],"product_tag":[366,365],"class_list":{"0":"post-44571","1":"product","2":"type-product","3":"status-publish","4":"has-post-thumbnail","6":"product_cat-laborequipment","7":"product_cat-magnetic-beads","8":"product_cat-magnetplatten","9":"product_cat-magnetracks","10":"product_cat-sonderanfertigung-magnet-racks-platten","11":"product_cat-magnetstaender","12":"product_cat-sonderanfertigungen","13":"product_cat-magnetic-beads-zubehoer","14":"product_tag-magnete","15":"product_tag-magnetic-beads","17":"first","18":"instock","19":"taxable","20":"shipping-taxable","21":"purchasable","22":"product-type-simple"},"acf":[],"_links":{"self":[{"href":"https:\/\/steinbrenner.de\/en\/wp-json\/wp\/v2\/product\/44571","targetHints":{"allow":["GET"]}}],"collection":[{"href":"https:\/\/steinbrenner.de\/en\/wp-json\/wp\/v2\/product"}],"about":[{"href":"https:\/\/steinbrenner.de\/en\/wp-json\/wp\/v2\/types\/product"}],"replies":[{"embeddable":true,"href":"https:\/\/steinbrenner.de\/en\/wp-json\/wp\/v2\/comments?post=44571"}],"wp:featuredmedia":[{"embeddable":true,"href":"https:\/\/steinbrenner.de\/en\/wp-json\/wp\/v2\/media\/44562"}],"wp:attachment":[{"href":"https:\/\/steinbrenner.de\/en\/wp-json\/wp\/v2\/media?parent=44571"}],"wp:term":[{"taxonomy":"product_brand","embeddable":true,"href":"https:\/\/steinbrenner.de\/en\/wp-json\/wp\/v2\/product_brand?post=44571"},{"taxonomy":"product_cat","embeddable":true,"href":"https:\/\/steinbrenner.de\/en\/wp-json\/wp\/v2\/product_cat?post=44571"},{"taxonomy":"product_tag","embeddable":true,"href":"https:\/\/steinbrenner.de\/en\/wp-json\/wp\/v2\/product_tag?post=44571"}],"curies":[{"name":"wp","href":"https:\/\/api.w.org\/{rel}","templated":true}]}}