{"id":44631,"date":"2025-01-23T18:14:13","date_gmt":"2025-01-23T17:14:13","guid":{"rendered":"https:\/\/steinbrenner.de\/produktuebersicht\/unkategorisiert\/probenahmesammelsystememikrobiom-aus-stuhl\/"},"modified":"2025-08-19T12:06:13","modified_gmt":"2025-08-19T10:06:13","slug":"omnigenegut-dna-rna-all-in-one-probennahmesystem-59-%c2%b5g-dna","status":"publish","type":"product","link":"https:\/\/steinbrenner.de\/en\/produktuebersicht\/sampling-collection-systems\/microbiome-from-saliva\/omnigenegut-dna-rna-all-in-one-probennahmesystem-59-%c2%b5g-dna\/","title":{"rendered":"OMNIgene\u00ae\u2022GUT DNA\/RNA All-in-one Probennahmesystem"},"content":{"rendered":"<p>OMNIgene\u00ae\u2022GUT DNA und RNA<br \/>\nAll-in-one Probennahmesystem  zur einfachen Selbstentnahme von Stuhlproben f\u00fcr die Analyse des Darmmikrobioms;<br \/>\nDurchschnittliche Ausbeute: 5,9 \u00b5g DNA;<br \/>\nStabilit\u00e4t der DNA und des Mikrobiomprofils bei Raumtemperatur: 30 Tage;<br \/>\nStabilit\u00e4t der RNA bei Raumtemperatur: 10 Tage;<br \/>\nDNA geeignet f\u00fcr 16S rRNA Microbiome profiling, Shotgun Metagenomic Sequencing, qPCR und arrays; inkl. 1 Packung (2 St\u00fcck) Stuhl-F\u00e4nger<br \/>\nEnth\u00e4lt: 1x OMR-205, 1x OM-AC1<br \/>\n1 VE = Stk<br \/>\nMindestbestellmenge: 25 VE<br \/>\n<a class=\"maxbutton-2 maxbutton maxbutton-musteranfrage\" target=\"_blank\" title=\"Muster unverbindlich anfragen \u2013 OMR-205-AC1 - OMNIgene\u00ae\u2022GUT DNA\/RNA All-in-one Probennahmesystem\" rel=\"noopener\" href=\"https:\/\/steinbrenner.de\/ueber-uns\/muster-anfragen\/?sample=OMR-205-AC1\"><span class='mb-text'>Muster anfragen<\/span><\/a>\n<a class=\"maxbutton-1 maxbutton maxbutton-produktseite\" target=\"_blank\" title=\"OMNIgene\u00ae\u2022GUT DNA\/RNA All-in-one Probennahmesystem\" rel=\"noopener\" href=\"https:\/\/steinbrenner.de\/probennahmesysteme\/mikrobiom-aus-stuhl\/\"><span class='mb-text'>Zur Produktseite<\/span><\/a>\n","protected":false},"excerpt":{"rendered":"<p>OMNIgene\u00ae\u2022GUT DNA und RNA All-in-one Probennahmesystem zur einfachen Selbstentnahme von Stuhlproben f\u00fcr die Analyse des Darmmikrobioms; Durchschnittliche Ausbeute: 5,9 \u00b5g DNA; Stabilit\u00e4t der DNA und des Mikrobiomprofils bei Raumtemperatur: 30 Tage; Stabilit\u00e4t der RNA bei Raumtemperatur: 10 Tage; DNA geeignet f\u00fcr 16S rRNA Microbiome profiling, Shotgun Metagenomic Sequencing, qPCR und arrays; inkl. 1 Packung (2 [&hellip;]<\/p>\n","protected":false},"featured_media":44611,"comment_status":"open","ping_status":"closed","template":"","meta":{"_acf_changed":false},"product_brand":[],"product_cat":[450,427],"product_tag":[],"class_list":{"0":"post-44631","1":"product","2":"type-product","3":"status-publish","4":"has-post-thumbnail","6":"product_cat-mikrobiom","7":"product_cat-probennahme","9":"first","10":"instock","11":"taxable","12":"shipping-taxable","13":"purchasable","14":"product-type-simple"},"acf":[],"_links":{"self":[{"href":"https:\/\/steinbrenner.de\/en\/wp-json\/wp\/v2\/product\/44631","targetHints":{"allow":["GET"]}}],"collection":[{"href":"https:\/\/steinbrenner.de\/en\/wp-json\/wp\/v2\/product"}],"about":[{"href":"https:\/\/steinbrenner.de\/en\/wp-json\/wp\/v2\/types\/product"}],"replies":[{"embeddable":true,"href":"https:\/\/steinbrenner.de\/en\/wp-json\/wp\/v2\/comments?post=44631"}],"wp:featuredmedia":[{"embeddable":true,"href":"https:\/\/steinbrenner.de\/en\/wp-json\/wp\/v2\/media\/44611"}],"wp:attachment":[{"href":"https:\/\/steinbrenner.de\/en\/wp-json\/wp\/v2\/media?parent=44631"}],"wp:term":[{"taxonomy":"product_brand","embeddable":true,"href":"https:\/\/steinbrenner.de\/en\/wp-json\/wp\/v2\/product_brand?post=44631"},{"taxonomy":"product_cat","embeddable":true,"href":"https:\/\/steinbrenner.de\/en\/wp-json\/wp\/v2\/product_cat?post=44631"},{"taxonomy":"product_tag","embeddable":true,"href":"https:\/\/steinbrenner.de\/en\/wp-json\/wp\/v2\/product_tag?post=44631"}],"curies":[{"name":"wp","href":"https:\/\/api.w.org\/{rel}","templated":true}]}}