{"id":46560,"date":"2025-05-29T19:01:19","date_gmt":"2025-05-29T17:01:19","guid":{"rendered":"https:\/\/steinbrenner.de\/produktuebersicht\/unkategorisiert\/prepitl2p-dna-aufreinigungsreagenz\/"},"modified":"2025-08-19T12:06:23","modified_gmt":"2025-08-19T10:06:23","slug":"prepitl2p-dna-aufreinigungsreagenz","status":"publish","type":"product","link":"https:\/\/steinbrenner.de\/en\/produktuebersicht\/sampling-collection-systems\/dna-and-rna-from-saliva\/prepitl2p-dna-aufreinigungsreagenz\/","title":{"rendered":"prepIT\u00ae\u2022L2P DNA Aufreinigungsreagenz"},"content":{"rendered":"<p>prepIT\u2022L2P DNA<br \/>\nAufreinigungsreagenz zur schnellen und effizienten Aufreinigung von hochmolekularer DNA aus ORAgene\u00ae und ORAcollect\u00ae Probenahmesystemen; Flasche mit 5 ml, ausreichend f\u00fcr ca. 200 Pr\u00e4parationen; f\u00fcr je 500 \u00b5l der Speichell\u00f6sung werden 20 \u00b5l Purifier-Reagenz ben\u00f6tigt;<br \/>\n1 VE = 5 ml<br \/>\n<a class=\"maxbutton-2 maxbutton maxbutton-musteranfrage\" target=\"_blank\" title=\"Muster unverbindlich anfragen \u2013 PT-L2P-5 - prepIT\u00ae\u2022L2P DNA Aufreinigungsreagenz\" rel=\"noopener\" href=\"https:\/\/steinbrenner.de\/ueber-uns\/muster-anfragen\/?sample=PT-L2P-5\"><span class='mb-text'>Muster anfragen<\/span><\/a>\n<a class=\"maxbutton-1 maxbutton maxbutton-produktseite\" target=\"_blank\" title=\"prepIT\u00ae\u2022L2P DNA Aufreinigungsreagenz\" rel=\"noopener\" href=\"https:\/\/steinbrenner.de\/probennahmesysteme\/zubehoer-zur-probennahme\/\"><span class='mb-text'>Zur Produktseite<\/span><\/a>\n","protected":false},"excerpt":{"rendered":"<p>prepIT\u2022L2P DNA Aufreinigungsreagenz zur schnellen und effizienten Aufreinigung von hochmolekularer DNA aus ORAgene\u00ae und ORAcollect\u00ae Probenahmesystemen; Flasche mit 5 ml, ausreichend f\u00fcr ca. 200 Pr\u00e4parationen; f\u00fcr je 500 \u00b5l der Speichell\u00f6sung werden 20 \u00b5l Purifier-Reagenz ben\u00f6tigt; 1 VE = 5 ml<\/p>\n","protected":false},"featured_media":46199,"comment_status":"open","ping_status":"closed","template":"","meta":{"_acf_changed":false},"product_brand":[],"product_cat":[427,437,435],"product_tag":[],"class_list":{"0":"post-46560","1":"product","2":"type-product","3":"status-publish","4":"has-post-thumbnail","6":"product_cat-probennahme","7":"product_cat-dna-und-rna-aus-speichel","8":"product_cat-zubehr-zur-probennahme","10":"first","11":"instock","12":"taxable","13":"shipping-taxable","14":"purchasable","15":"product-type-simple"},"acf":[],"_links":{"self":[{"href":"https:\/\/steinbrenner.de\/en\/wp-json\/wp\/v2\/product\/46560","targetHints":{"allow":["GET"]}}],"collection":[{"href":"https:\/\/steinbrenner.de\/en\/wp-json\/wp\/v2\/product"}],"about":[{"href":"https:\/\/steinbrenner.de\/en\/wp-json\/wp\/v2\/types\/product"}],"replies":[{"embeddable":true,"href":"https:\/\/steinbrenner.de\/en\/wp-json\/wp\/v2\/comments?post=46560"}],"wp:featuredmedia":[{"embeddable":true,"href":"https:\/\/steinbrenner.de\/en\/wp-json\/wp\/v2\/media\/46199"}],"wp:attachment":[{"href":"https:\/\/steinbrenner.de\/en\/wp-json\/wp\/v2\/media?parent=46560"}],"wp:term":[{"taxonomy":"product_brand","embeddable":true,"href":"https:\/\/steinbrenner.de\/en\/wp-json\/wp\/v2\/product_brand?post=46560"},{"taxonomy":"product_cat","embeddable":true,"href":"https:\/\/steinbrenner.de\/en\/wp-json\/wp\/v2\/product_cat?post=46560"},{"taxonomy":"product_tag","embeddable":true,"href":"https:\/\/steinbrenner.de\/en\/wp-json\/wp\/v2\/product_tag?post=46560"}],"curies":[{"name":"wp","href":"https:\/\/api.w.org\/{rel}","templated":true}]}}