{"id":46864,"date":"2025-06-25T14:27:36","date_gmt":"2025-06-25T12:27:36","guid":{"rendered":"https:\/\/steinbrenner.de\/produktuebersicht\/unkategorisiert\/colli-pee-fv-5020-sammelbehaelter-fuer-urin-16-5-23-ml-2\/"},"modified":"2025-08-19T12:07:22","modified_gmt":"2025-08-19T10:07:22","slug":"colli-pee-fv-5020-sammelbehaelter-fuer-urin-16-5-23-ml-2","status":"publish","type":"product","link":"https:\/\/steinbrenner.de\/en\/produktuebersicht\/sampling-collection-systems\/infectious-diseases\/colli-pee-fv-5020-sammelbehaelter-fuer-urin-16-5-23-ml-2\/","title":{"rendered":"Colli-Pee\u00ae FV-5020 Sammelbeh\u00e4lter f\u00fcr Urin, 16.5-23 ml"},"content":{"rendered":"<p>Colli-Pee\u00ae FV-5020 Sammelbeh\u00e4lter zur bequemen, nicht-invasiven Sammlung von Erststrahlurin; Probenvolumen: 16,5-23 ml; Sammelr\u00f6hrchen mit Schraubgewinde ist kompatibel mit Hochdurchsatz-Automation; Ohne Konservierungsl\u00f6sung; Research use only (RUO);<br \/>\n1 VE = 1 Kit<br \/>\nMindestbestellmenge: 25 VE<br \/>\n<a class=\"maxbutton-2 maxbutton maxbutton-musteranfrage\" target=\"_blank\" title=\"Muster unverbindlich anfragen \u2013 N00055_RUO - Colli-Pee\u00ae FV-5020 Sammelbeh\u00e4lter f\u00fcr Urin, 16.5-23 ml\" rel=\"noopener\" href=\"https:\/\/steinbrenner.de\/ueber-uns\/muster-anfragen\/?sample=N00055_RUO\"><span class='mb-text'>Muster anfragen<\/span><\/a>\n<a class=\"maxbutton-1 maxbutton maxbutton-produktseite\" target=\"_blank\" title=\"Colli-Pee\u00ae FV-5020 Sammelbeh\u00e4lter f\u00fcr Urin, 16.5-23 ml\" rel=\"noopener\" href=\"https:\/\/steinbrenner.de\/probennahmesysteme\/colli-pee-urin\"><span class='mb-text'>Zur Produktseite<\/span><\/a>\n","protected":false},"excerpt":{"rendered":"<p>Colli-Pee\u00ae FV-5020 Sammelbeh\u00e4lter zur bequemen, nicht-invasiven Sammlung von Erststrahlurin; Probenvolumen: 16,5-23 ml; Sammelr\u00f6hrchen mit Schraubgewinde ist kompatibel mit Hochdurchsatz-Automation; Ohne Konservierungsl\u00f6sung; Research use only (RUO); 1 VE = 1 Kit Mindestbestellmenge: 25 VE<\/p>\n","protected":false},"featured_media":44975,"comment_status":"open","ping_status":"closed","template":"","meta":{"_acf_changed":false},"product_brand":[],"product_cat":[440],"product_tag":[],"class_list":{"0":"post-46864","1":"product","2":"type-product","3":"status-publish","4":"has-post-thumbnail","6":"product_cat-infektionskrankheiten","8":"first","9":"instock","10":"taxable","11":"shipping-taxable","12":"purchasable","13":"product-type-simple"},"acf":[],"_links":{"self":[{"href":"https:\/\/steinbrenner.de\/en\/wp-json\/wp\/v2\/product\/46864","targetHints":{"allow":["GET"]}}],"collection":[{"href":"https:\/\/steinbrenner.de\/en\/wp-json\/wp\/v2\/product"}],"about":[{"href":"https:\/\/steinbrenner.de\/en\/wp-json\/wp\/v2\/types\/product"}],"replies":[{"embeddable":true,"href":"https:\/\/steinbrenner.de\/en\/wp-json\/wp\/v2\/comments?post=46864"}],"wp:featuredmedia":[{"embeddable":true,"href":"https:\/\/steinbrenner.de\/en\/wp-json\/wp\/v2\/media\/44975"}],"wp:attachment":[{"href":"https:\/\/steinbrenner.de\/en\/wp-json\/wp\/v2\/media?parent=46864"}],"wp:term":[{"taxonomy":"product_brand","embeddable":true,"href":"https:\/\/steinbrenner.de\/en\/wp-json\/wp\/v2\/product_brand?post=46864"},{"taxonomy":"product_cat","embeddable":true,"href":"https:\/\/steinbrenner.de\/en\/wp-json\/wp\/v2\/product_cat?post=46864"},{"taxonomy":"product_tag","embeddable":true,"href":"https:\/\/steinbrenner.de\/en\/wp-json\/wp\/v2\/product_tag?post=46864"}],"curies":[{"name":"wp","href":"https:\/\/api.w.org\/{rel}","templated":true}]}}