{"id":48567,"date":"2025-08-21T12:56:13","date_gmt":"2025-08-21T10:56:13","guid":{"rendered":"https:\/\/steinbrenner.de\/produktuebersicht\/unkategorisiert\/hemacollectprotein-blutentnahmeroehrchen-9-ml-3\/"},"modified":"2025-08-31T23:17:33","modified_gmt":"2025-08-31T21:17:33","slug":"hemacollectprotein-blutentnahmeroehrchen-9-ml-3","status":"publish","type":"product","link":"https:\/\/steinbrenner.de\/en\/produktuebersicht\/dna-rna-extraction\/blood-diagnostics\/hemacollectprotein-blutentnahmeroehrchen-9-ml-3\/","title":{"rendered":"HEMAcollect\u2122\u2022PROTEIN Blutentnahmer\u00f6hrchen, 9 mL"},"content":{"rendered":"<p>HEMAcollect\u2122\u2022PROTEIN Blood Collection Tube (BCT);<br \/>\nAnwendung: Blutentnahmer\u00f6rchen f\u00fcr die Proteinanalytik von Blutproben. Stabilisierung von Plasmaproteinen direkt bei der Blutabnahme zur Minimierung von pr\u00e4analytischen Einfl\u00fcssen (H\u00e4molyse, Thrombozytenaktivierung);<br \/>\nProbenmaterial: ven\u00f6ses Vollblut und Plasma;<br \/>\nStabilisiert Proteine: Proteinstabilit\u00e4t bis 7 Tage bei 20\u201326?\u00b0C; minimiert ex vivo H\u00e4molyse und Thrombozytenaktivierung (CD62P\/EGF);<br \/>\nDirekt kompatibel mit Olink\u2122 Prximity Extension Assay (PEA) und SomaScan\u2122 Assay ohne vorherige zus\u00e4tzliches Sample-Processing;<br \/>\nKompatibel mit LC-MS\/MS;<br \/>\nVersand und Transport der Blutproben bei Raumtemperatur &#8211; keine K\u00fchlkette n\u00f6tig;<\/p>\n<p>1 VE = 100 Blutentnahmer\u00f6hrchen<\/p>\n<a class=\"maxbutton-2 maxbutton maxbutton-musteranfrage\" target=\"_blank\" title=\"Muster unverbindlich anfragen \u2013 HCPP-RUO-100 - HEMAcollect\u2122\u2022PROTEIN Blutentnahmer\u00f6hrchen, 9 mL\" rel=\"noopener\" href=\"https:\/\/steinbrenner.de\/ueber-uns\/muster-anfragen\/?sample=HCPP-RUO-100\"><span class='mb-text'>Muster anfragen<\/span><\/a>\n","protected":false},"excerpt":{"rendered":"<p>HEMAcollect\u2122\u2022PROTEIN Blood Collection Tube (BCT); Anwendung: Blutentnahmer\u00f6rchen f\u00fcr die Proteinanalytik von Blutproben. Stabilisierung von Plasmaproteinen direkt bei der Blutabnahme zur Minimierung von pr\u00e4analytischen Einfl\u00fcssen (H\u00e4molyse, Thrombozytenaktivierung); Probenmaterial: ven\u00f6ses Vollblut und Plasma; Stabilisiert Proteine: Proteinstabilit\u00e4t bis 7 Tage bei 20\u201326?\u00b0C; minimiert ex vivo H\u00e4molyse und Thrombozytenaktivierung (CD62P\/EGF); Direkt kompatibel mit Olink\u2122 Prximity Extension Assay (PEA) und [&hellip;]<\/p>\n","protected":false},"featured_media":48563,"comment_status":"open","ping_status":"closed","template":"","meta":{"_acf_changed":false},"product_brand":[],"product_cat":[879,427],"product_tag":[888,792,889,890],"class_list":{"0":"post-48567","1":"product","2":"type-product","3":"status-publish","4":"has-post-thumbnail","6":"product_cat-blut","7":"product_cat-probennahme","8":"product_tag-blutentnahme","9":"product_tag-proteinanalyse","10":"product_tag-proteinanalytik","11":"product_tag-proteomics","13":"first","14":"instock","15":"taxable","16":"shipping-taxable","17":"purchasable","18":"product-type-simple"},"acf":[],"_links":{"self":[{"href":"https:\/\/steinbrenner.de\/en\/wp-json\/wp\/v2\/product\/48567","targetHints":{"allow":["GET"]}}],"collection":[{"href":"https:\/\/steinbrenner.de\/en\/wp-json\/wp\/v2\/product"}],"about":[{"href":"https:\/\/steinbrenner.de\/en\/wp-json\/wp\/v2\/types\/product"}],"replies":[{"embeddable":true,"href":"https:\/\/steinbrenner.de\/en\/wp-json\/wp\/v2\/comments?post=48567"}],"wp:featuredmedia":[{"embeddable":true,"href":"https:\/\/steinbrenner.de\/en\/wp-json\/wp\/v2\/media\/48563"}],"wp:attachment":[{"href":"https:\/\/steinbrenner.de\/en\/wp-json\/wp\/v2\/media?parent=48567"}],"wp:term":[{"taxonomy":"product_brand","embeddable":true,"href":"https:\/\/steinbrenner.de\/en\/wp-json\/wp\/v2\/product_brand?post=48567"},{"taxonomy":"product_cat","embeddable":true,"href":"https:\/\/steinbrenner.de\/en\/wp-json\/wp\/v2\/product_cat?post=48567"},{"taxonomy":"product_tag","embeddable":true,"href":"https:\/\/steinbrenner.de\/en\/wp-json\/wp\/v2\/product_tag?post=48567"}],"curies":[{"name":"wp","href":"https:\/\/api.w.org\/{rel}","templated":true}]}}