{"id":49426,"date":"2026-01-19T18:08:11","date_gmt":"2026-01-19T17:08:11","guid":{"rendered":"https:\/\/steinbrenner.de\/produktuebersicht\/unkategorisiert\/hovermag-96-well-magnetplatte-verstellbar-federnd\/"},"modified":"2026-01-19T18:09:57","modified_gmt":"2026-01-19T17:09:57","slug":"hovermag-96-well-magnetplatte-verstellbar-federnd","status":"publish","type":"product","link":"https:\/\/steinbrenner.de\/en\/produktuebersicht\/magnetic-beads-en\/magnetic-neads-accessories\/hovermag-magnetic-adapter\/hovermag-96-well-magnetplatte-verstellbar-federnd\/","title":{"rendered":"HoverMag 96-Well Magnetplatte, verstellbar, federnd"},"content":{"rendered":"<p>96-Well Magnetplatte mit HoverMag Technologie. Enth\u00e4lt  extra-starke Magnete zur schnellen automatisierten Probenaufreinigung mit magnetischen Beads in 96-Well-Platten;<br \/>\nH\u00f6henverstellbare Magnete erlauben die Justierung der Beadpositionen bei unterschiedlichsten Plattentypen.<br \/>\nMagnete: Stabmagnete, extra-stark, h\u00f6henverstellbar;<br \/>\nMaterial: Aluminiumlegierung, eloxiert;<br \/>\nH\u00f6henverstellbar: H\u00f6henverstellbare Magnete mit seitlicher Skala;<br \/>\nHoverMag Federmechanismus, die Magnetplatte gibt bei Druck sanft nach.<br \/>\nVE = 1 Stk.<br \/>\n<a class=\"maxbutton-2 maxbutton maxbutton-musteranfrage\" target=\"_blank\" title=\"Muster unverbindlich anfragen \u2013 SL-MSH96 - HoverMag 96-Well Magnetplatte, verstellbar, federnd\" rel=\"noopener\" href=\"https:\/\/steinbrenner.de\/ueber-uns\/muster-anfragen\/?sample=SL-MSH96\"><span class='mb-text'>Muster anfragen<\/span><\/a>\n<a class=\"maxbutton-1 maxbutton maxbutton-produktseite\" target=\"_blank\" title=\"HoverMag 96-Well Magnetplatte, verstellbar, federnd\" rel=\"noopener\" href=\"https:\/\/steinbrenner.de\/magnetic-beads\/magnetracks-und-staender\/\"><span class='mb-text'>Zur Produktseite<\/span><\/a>\n","protected":false},"excerpt":{"rendered":"<p>96-Well Magnetplatte mit HoverMag Technologie. Enth\u00e4lt extra-starke Magnete zur schnellen automatisierten Probenaufreinigung mit magnetischen Beads in 96-Well-Platten; H\u00f6henverstellbare Magnete erlauben die Justierung der Beadpositionen bei unterschiedlichsten Plattentypen. Magnete: Stabmagnete, extra-stark, h\u00f6henverstellbar; Material: Aluminiumlegierung, eloxiert; H\u00f6henverstellbar: H\u00f6henverstellbare Magnete mit seitlicher Skala; HoverMag Federmechanismus, die Magnetplatte gibt bei Druck sanft nach. VE = 1 Stk.<\/p>\n","protected":false},"featured_media":49424,"comment_status":"open","ping_status":"closed","template":"","meta":{"_acf_changed":false},"product_brand":[],"product_cat":[882,105,110,363],"product_tag":[295,366,365,321],"class_list":{"0":"post-49426","1":"product","2":"type-product","3":"status-publish","4":"has-post-thumbnail","6":"product_cat-hovermag-magnetadapter","7":"product_cat-laborequipment","8":"product_cat-magnetracks","9":"product_cat-magnetic-beads-zubehoer","10":"product_tag-automation","11":"product_tag-magnete","12":"product_tag-magnetic-beads","13":"product_tag-ngs","15":"first","16":"instock","17":"taxable","18":"shipping-taxable","19":"purchasable","20":"product-type-simple"},"acf":[],"_links":{"self":[{"href":"https:\/\/steinbrenner.de\/en\/wp-json\/wp\/v2\/product\/49426","targetHints":{"allow":["GET"]}}],"collection":[{"href":"https:\/\/steinbrenner.de\/en\/wp-json\/wp\/v2\/product"}],"about":[{"href":"https:\/\/steinbrenner.de\/en\/wp-json\/wp\/v2\/types\/product"}],"replies":[{"embeddable":true,"href":"https:\/\/steinbrenner.de\/en\/wp-json\/wp\/v2\/comments?post=49426"}],"wp:featuredmedia":[{"embeddable":true,"href":"https:\/\/steinbrenner.de\/en\/wp-json\/wp\/v2\/media\/49424"}],"wp:attachment":[{"href":"https:\/\/steinbrenner.de\/en\/wp-json\/wp\/v2\/media?parent=49426"}],"wp:term":[{"taxonomy":"product_brand","embeddable":true,"href":"https:\/\/steinbrenner.de\/en\/wp-json\/wp\/v2\/product_brand?post=49426"},{"taxonomy":"product_cat","embeddable":true,"href":"https:\/\/steinbrenner.de\/en\/wp-json\/wp\/v2\/product_cat?post=49426"},{"taxonomy":"product_tag","embeddable":true,"href":"https:\/\/steinbrenner.de\/en\/wp-json\/wp\/v2\/product_tag?post=49426"}],"curies":[{"name":"wp","href":"https:\/\/api.w.org\/{rel}","templated":true}]}}