{"id":49458,"date":"2026-01-30T12:59:52","date_gmt":"2026-01-30T11:59:52","guid":{"rendered":"https:\/\/steinbrenner.de\/produktuebersicht\/unkategorisiert\/autopure-24-system-zur-nukleinsaeureisolation\/"},"modified":"2026-03-04T14:49:20","modified_gmt":"2026-03-04T13:49:20","slug":"autopure-24-system-zur-nukleinsaeureisolation","status":"publish","type":"product","link":"https:\/\/steinbrenner.de\/en\/produktuebersicht\/magnetic-beads-en\/magnetic-neads-accessories\/autopure-24-system-zur-nukleinsaeureisolation\/","title":{"rendered":"AutoPure 24 System zur Nukleins\u00e4ureisolation"},"content":{"rendered":"<p>AutoPure 24 System zur Nukleins\u00e4ureisolation;<br \/>\nAutomatisches System zur Aufreinigung und Isolation von Nukleins\u00e4uren und anderen Probenmaterialien;<br \/>\nKapazit\u00e4t: bis zu 24 Proben gleichzeitig in einem Lauf<br \/>\nKompatibel mit: MagSi-DNA, MagSi-NA und MagSi-DX Aufreinigungskits sowie alle Kits, die mit KingFisher-Systemen verwendbar sind.<br \/>\n1 VE = 1 Ger\u00e4t<br \/>\n<a class=\"maxbutton-2 maxbutton maxbutton-musteranfrage\" target=\"_blank\" title=\"Muster unverbindlich anfragen \u2013 AS00003 - AutoPure 24 System zur Nukleins\u00e4ureisolation\" rel=\"noopener\" href=\"https:\/\/steinbrenner.de\/ueber-uns\/muster-anfragen\/?sample=AS00003\"><span class='mb-text'>Muster anfragen<\/span><\/a>\n","protected":false},"excerpt":{"rendered":"<p>AutoPure 24 System zur Nukleins\u00e4ureisolation; Automatisches System zur Aufreinigung und Isolation von Nukleins\u00e4uren und anderen Probenmaterialien; Kapazit\u00e4t: bis zu 24 Proben gleichzeitig in einem Lauf Kompatibel mit: MagSi-DNA, MagSi-NA und MagSi-DX Aufreinigungskits sowie alle Kits, die mit KingFisher-Systemen verwendbar sind. 1 VE = 1 Ger\u00e4t<\/p>\n","protected":false},"featured_media":0,"comment_status":"open","ping_status":"closed","template":"","meta":{"_acf_changed":false},"product_brand":[],"product_cat":[93,363],"product_tag":[],"class_list":{"0":"post-49458","1":"product","2":"type-product","3":"status-publish","5":"product_cat-magnetic-beads","6":"product_cat-magnetic-beads-zubehoer","8":"first","9":"instock","10":"taxable","11":"shipping-taxable","12":"purchasable","13":"product-type-simple"},"acf":[],"_links":{"self":[{"href":"https:\/\/steinbrenner.de\/en\/wp-json\/wp\/v2\/product\/49458","targetHints":{"allow":["GET"]}}],"collection":[{"href":"https:\/\/steinbrenner.de\/en\/wp-json\/wp\/v2\/product"}],"about":[{"href":"https:\/\/steinbrenner.de\/en\/wp-json\/wp\/v2\/types\/product"}],"replies":[{"embeddable":true,"href":"https:\/\/steinbrenner.de\/en\/wp-json\/wp\/v2\/comments?post=49458"}],"wp:attachment":[{"href":"https:\/\/steinbrenner.de\/en\/wp-json\/wp\/v2\/media?parent=49458"}],"wp:term":[{"taxonomy":"product_brand","embeddable":true,"href":"https:\/\/steinbrenner.de\/en\/wp-json\/wp\/v2\/product_brand?post=49458"},{"taxonomy":"product_cat","embeddable":true,"href":"https:\/\/steinbrenner.de\/en\/wp-json\/wp\/v2\/product_cat?post=49458"},{"taxonomy":"product_tag","embeddable":true,"href":"https:\/\/steinbrenner.de\/en\/wp-json\/wp\/v2\/product_tag?post=49458"}],"curies":[{"name":"wp","href":"https:\/\/api.w.org\/{rel}","templated":true}]}}