{"id":49554,"date":"2026-02-02T14:07:14","date_gmt":"2026-02-02T13:07:14","guid":{"rendered":"https:\/\/steinbrenner.de\/produktuebersicht\/unkategorisiert\/magsi-protein-a-magnetische-beads-30-%c2%b5m-5-ml\/"},"modified":"2026-03-04T14:47:17","modified_gmt":"2026-03-04T13:47:17","slug":"magsi-protein-a-magnetische-beads-30-%c2%b5m-5-ml","status":"publish","type":"product","link":"https:\/\/steinbrenner.de\/en\/produktuebersicht\/magnetic-beads-en\/protein-purification-and-isolation\/magsi-protein-a-magnetische-beads-30-%c2%b5m-5-ml\/","title":{"rendered":"MagSi-protein A Magnetische beads, 3,0 \u00b5m, 5 ml"},"content":{"rendered":"<p>Magnetic Beads mit kovalent gebundenem, rekombinanten Protein A auf der Partikeloberfl\u00e4che; ideal f\u00fcr IgG Aufreinigung und Immunpr\u00e4zipitation. Mittlerer Beaddurchmesser 3,0 \u00b5m; Konz.= 10 mg\/mL;<br \/>\nVE = 5 ml<br \/>\n<a class=\"maxbutton-2 maxbutton maxbutton-musteranfrage\" target=\"_blank\" title=\"Muster unverbindlich anfragen \u2013 MD42011 - MagSi-protein A Magnetische beads, 3,0 \u00b5m, 5 ml\" rel=\"noopener\" href=\"https:\/\/steinbrenner.de\/ueber-uns\/muster-anfragen\/?sample=MD42011\"><span class='mb-text'>Muster anfragen<\/span><\/a>\n<a class=\"maxbutton-1 maxbutton maxbutton-produktseite\" target=\"_blank\" title=\"MagSi-protein A Magnetische beads, 3,0 \u00b5m, 5 ml\" rel=\"noopener\" href=\"https:\/\/steinbrenner.de\/magnetic-beads\/proteinaufreinigung\/\"><span class='mb-text'>Zur Produktseite<\/span><\/a>\n","protected":false},"excerpt":{"rendered":"<p>Magnetic Beads mit kovalent gebundenem, rekombinanten Protein A auf der Partikeloberfl\u00e4che; ideal f\u00fcr IgG Aufreinigung und Immunpr\u00e4zipitation. Mittlerer Beaddurchmesser 3,0 \u00b5m; Konz.= 10 mg\/mL; VE = 5 ml<\/p>\n","protected":false},"featured_media":49538,"comment_status":"open","ping_status":"closed","template":"","meta":{"_acf_changed":false},"product_brand":[],"product_cat":[93,99],"product_tag":[],"class_list":{"0":"post-49554","1":"product","2":"type-product","3":"status-publish","4":"has-post-thumbnail","6":"product_cat-magnetic-beads","7":"product_cat-magnetic-beads-protein","9":"first","10":"instock","11":"taxable","12":"shipping-taxable","13":"purchasable","14":"product-type-simple"},"acf":[],"_links":{"self":[{"href":"https:\/\/steinbrenner.de\/en\/wp-json\/wp\/v2\/product\/49554","targetHints":{"allow":["GET"]}}],"collection":[{"href":"https:\/\/steinbrenner.de\/en\/wp-json\/wp\/v2\/product"}],"about":[{"href":"https:\/\/steinbrenner.de\/en\/wp-json\/wp\/v2\/types\/product"}],"replies":[{"embeddable":true,"href":"https:\/\/steinbrenner.de\/en\/wp-json\/wp\/v2\/comments?post=49554"}],"wp:featuredmedia":[{"embeddable":true,"href":"https:\/\/steinbrenner.de\/en\/wp-json\/wp\/v2\/media\/49538"}],"wp:attachment":[{"href":"https:\/\/steinbrenner.de\/en\/wp-json\/wp\/v2\/media?parent=49554"}],"wp:term":[{"taxonomy":"product_brand","embeddable":true,"href":"https:\/\/steinbrenner.de\/en\/wp-json\/wp\/v2\/product_brand?post=49554"},{"taxonomy":"product_cat","embeddable":true,"href":"https:\/\/steinbrenner.de\/en\/wp-json\/wp\/v2\/product_cat?post=49554"},{"taxonomy":"product_tag","embeddable":true,"href":"https:\/\/steinbrenner.de\/en\/wp-json\/wp\/v2\/product_tag?post=49554"}],"curies":[{"name":"wp","href":"https:\/\/api.w.org\/{rel}","templated":true}]}}