{"id":49688,"date":"2026-02-20T13:29:48","date_gmt":"2026-02-20T12:29:48","guid":{"rendered":"https:\/\/steinbrenner.de\/produktuebersicht\/unkategorisiert\/magsi-s-magnetische-beads-600-nm-nh2-100-ml\/"},"modified":"2026-03-04T14:45:55","modified_gmt":"2026-03-04T13:45:55","slug":"magsi-s-magnetische-beads-600-nm-nh2-100-ml","status":"publish","type":"product","link":"https:\/\/steinbrenner.de\/en\/produktuebersicht\/magnetic-beads-en\/functionalized-beads\/magsi-s-magnetische-beads-600-nm-nh2-100-ml\/","title":{"rendered":"MagSi-S Magnetische beads, 600 nm, NH2, 100 ml"},"content":{"rendered":"<p>Superparamagnetische Beads mit NH2 Oberfl\u00e4che; zur kovalenten Kopplung von Molek\u00fclen \u00fcber Aldehyd oder Carbodiimid Funktion. Mittlerer Beaddurchmesser 600 nm;  Konz. 10 mg\/mL.<br \/>\nVE = 100 ml<br \/>\n<a class=\"maxbutton-2 maxbutton maxbutton-musteranfrage\" target=\"_blank\" title=\"Muster unverbindlich anfragen \u2013 MD19005 - MagSi-S Magnetische beads, 600 nm, NH2, 100 ml\" rel=\"noopener\" href=\"https:\/\/steinbrenner.de\/ueber-uns\/muster-anfragen\/?sample=MD19005\"><span class='mb-text'>Muster anfragen<\/span><\/a>\n<a class=\"maxbutton-1 maxbutton maxbutton-produktseite\" target=\"_blank\" title=\"MagSi-S Magnetische beads, 600 nm, NH2, 100 ml\" rel=\"noopener\" href=\"https:\/\/steinbrenner.de\/magnetic-beads\/funktionelle-beads\/\"><span class='mb-text'>Zur Produktseite<\/span><\/a>\n","protected":false},"excerpt":{"rendered":"<p>Superparamagnetische Beads mit NH2 Oberfl\u00e4che; zur kovalenten Kopplung von Molek\u00fclen \u00fcber Aldehyd oder Carbodiimid Funktion. Mittlerer Beaddurchmesser 600 nm; Konz. 10 mg\/mL. VE = 100 ml<\/p>\n","protected":false},"featured_media":49678,"comment_status":"open","ping_status":"closed","template":"","meta":{"_acf_changed":false},"product_brand":[],"product_cat":[101,93],"product_tag":[],"class_list":{"0":"post-49688","1":"product","2":"type-product","3":"status-publish","4":"has-post-thumbnail","6":"product_cat-magnetic-beads-funktionale-gruppen","7":"product_cat-magnetic-beads","9":"first","10":"instock","11":"taxable","12":"shipping-taxable","13":"purchasable","14":"product-type-simple"},"acf":[],"_links":{"self":[{"href":"https:\/\/steinbrenner.de\/en\/wp-json\/wp\/v2\/product\/49688","targetHints":{"allow":["GET"]}}],"collection":[{"href":"https:\/\/steinbrenner.de\/en\/wp-json\/wp\/v2\/product"}],"about":[{"href":"https:\/\/steinbrenner.de\/en\/wp-json\/wp\/v2\/types\/product"}],"replies":[{"embeddable":true,"href":"https:\/\/steinbrenner.de\/en\/wp-json\/wp\/v2\/comments?post=49688"}],"wp:featuredmedia":[{"embeddable":true,"href":"https:\/\/steinbrenner.de\/en\/wp-json\/wp\/v2\/media\/49678"}],"wp:attachment":[{"href":"https:\/\/steinbrenner.de\/en\/wp-json\/wp\/v2\/media?parent=49688"}],"wp:term":[{"taxonomy":"product_brand","embeddable":true,"href":"https:\/\/steinbrenner.de\/en\/wp-json\/wp\/v2\/product_brand?post=49688"},{"taxonomy":"product_cat","embeddable":true,"href":"https:\/\/steinbrenner.de\/en\/wp-json\/wp\/v2\/product_cat?post=49688"},{"taxonomy":"product_tag","embeddable":true,"href":"https:\/\/steinbrenner.de\/en\/wp-json\/wp\/v2\/product_tag?post=49688"}],"curies":[{"name":"wp","href":"https:\/\/api.w.org\/{rel}","templated":true}]}}