{"id":49742,"date":"2026-02-20T14:12:08","date_gmt":"2026-02-20T13:12:08","guid":{"rendered":"https:\/\/steinbrenner.de\/produktuebersicht\/unkategorisiert\/magsi-dna-magnetische-beads-trial-kit\/"},"modified":"2026-03-04T14:47:15","modified_gmt":"2026-03-04T13:47:15","slug":"magsi-dna-magnetische-beads-trial-kit","status":"publish","type":"product","link":"https:\/\/steinbrenner.de\/en\/produktuebersicht\/magnetic-beads-en\/dna-and-rna-purification\/magsi-dna-magnetische-beads-trial-kit\/","title":{"rendered":"MagSi-DNA Magnetische Beads, Trial Kit"},"content":{"rendered":"<p>Bestehend aus 8 verschiedenen MagSi-Beads (je 2 ml); f\u00fcr die Assay-Entwicklung oder bei der Anpassung bestehender Protokolle. Inhalt: Silica- und Carboxyl-modifizierte Bead-Oberfl\u00e4chen in den Gr\u00f6\u00dfen 300\/600 nm und 1,2\/3,0 \u00b5m.<br \/>\nVE = 8x 2 ml<br \/>\n<a class=\"maxbutton-2 maxbutton maxbutton-musteranfrage\" target=\"_blank\" title=\"Muster unverbindlich anfragen \u2013 MD06028 - MagSi-DNA Magnetische Beads, Trial Kit\" rel=\"noopener\" href=\"https:\/\/steinbrenner.de\/ueber-uns\/muster-anfragen\/?sample=MD06028\"><span class='mb-text'>Muster anfragen<\/span><\/a>\n<a class=\"maxbutton-1 maxbutton maxbutton-produktseite\" target=\"_blank\" title=\"MagSi-DNA Magnetische Beads, Trial Kit\" rel=\"noopener\" href=\"https:\/\/steinbrenner.de\/magnetic-beads\/dna-isolation\/\"><span class='mb-text'>Zur Produktseite<\/span><\/a>\n","protected":false},"excerpt":{"rendered":"<p>Bestehend aus 8 verschiedenen MagSi-Beads (je 2 ml); f\u00fcr die Assay-Entwicklung oder bei der Anpassung bestehender Protokolle. Inhalt: Silica- und Carboxyl-modifizierte Bead-Oberfl\u00e4chen in den Gr\u00f6\u00dfen 300\/600 nm und 1,2\/3,0 \u00b5m. VE = 8x 2 ml<\/p>\n","protected":false},"featured_media":0,"comment_status":"open","ping_status":"closed","template":"","meta":{"_acf_changed":false},"product_brand":[],"product_cat":[96,93],"product_tag":[],"class_list":{"0":"post-49742","1":"product","2":"type-product","3":"status-publish","5":"product_cat-magnetic-beads-dna-rna-extraktion","6":"product_cat-magnetic-beads","8":"first","9":"instock","10":"taxable","11":"shipping-taxable","12":"purchasable","13":"product-type-simple"},"acf":[],"_links":{"self":[{"href":"https:\/\/steinbrenner.de\/en\/wp-json\/wp\/v2\/product\/49742","targetHints":{"allow":["GET"]}}],"collection":[{"href":"https:\/\/steinbrenner.de\/en\/wp-json\/wp\/v2\/product"}],"about":[{"href":"https:\/\/steinbrenner.de\/en\/wp-json\/wp\/v2\/types\/product"}],"replies":[{"embeddable":true,"href":"https:\/\/steinbrenner.de\/en\/wp-json\/wp\/v2\/comments?post=49742"}],"wp:attachment":[{"href":"https:\/\/steinbrenner.de\/en\/wp-json\/wp\/v2\/media?parent=49742"}],"wp:term":[{"taxonomy":"product_brand","embeddable":true,"href":"https:\/\/steinbrenner.de\/en\/wp-json\/wp\/v2\/product_brand?post=49742"},{"taxonomy":"product_cat","embeddable":true,"href":"https:\/\/steinbrenner.de\/en\/wp-json\/wp\/v2\/product_cat?post=49742"},{"taxonomy":"product_tag","embeddable":true,"href":"https:\/\/steinbrenner.de\/en\/wp-json\/wp\/v2\/product_tag?post=49742"}],"curies":[{"name":"wp","href":"https:\/\/api.w.org\/{rel}","templated":true}]}}