{"id":49743,"date":"2026-02-20T14:23:13","date_gmt":"2026-02-20T13:23:13","guid":{"rendered":"https:\/\/steinbrenner.de\/produktuebersicht\/unkategorisiert\/magsi-na-pathogens-dna-rna-extraktions-kit-25k-preps\/"},"modified":"2026-03-04T14:47:30","modified_gmt":"2026-03-04T13:47:30","slug":"magsi-na-pathogens-dna-rna-extraktions-kit-25k-preps","status":"publish","type":"product","link":"https:\/\/steinbrenner.de\/en\/produktuebersicht\/dna-rna-extraction\/magsi-na-pathogens-dna-rna-extraktions-kit-25k-preps\/","title":{"rendered":"MagSi-NA Pathogens DNA\/RNA Extraktions-kit, 25k Preps"},"content":{"rendered":"<p>Magnetic Bead Kit zur Extraktion der RNA\/DNA von Pathogenen (Bakterien, Viren, Hefen, Pilze) aus einer unterschiedlichstem Probenmaterial, z.B. Serum, Plasma, oropharyngealer Abstrich, nasopharyngealer Abstrich oder anderen Atemwegsproben;<br \/>\nBulkabf\u00fcllung f\u00fcr 25000 Extraktionen; VE enth\u00e4lt Lysis Buffer PA1, Binding Buffer U1, Wash Buffer I, Wash Buffer II, Elution Buffer, Proteinase K, Poly-A-RNA, Poly-A-RNA Buffer und MagSi-PA VII Beads;<br \/>\n1 VE = 25000 Extraktionen<br \/>\n<a class=\"maxbutton-2 maxbutton maxbutton-musteranfrage\" target=\"_blank\" title=\"Muster unverbindlich anfragen \u2013 MDKT0021025K - MagSi-NA Pathogens DNA\/RNA Extraktions-kit, 25k Preps\" rel=\"noopener\" href=\"https:\/\/steinbrenner.de\/ueber-uns\/muster-anfragen\/?sample=MDKT0021025K\"><span class='mb-text'>Muster anfragen<\/span><\/a>\n<a class=\"maxbutton-1 maxbutton maxbutton-produktseite\" target=\"_blank\" title=\"MagSi-NA Pathogens DNA\/RNA Extraktions-kit, 25k Preps\" rel=\"noopener\" href=\"https:\/\/steinbrenner.de\/magnetic-beads\/pathogendetektion\/\"><span class='mb-text'>Zur Produktseite<\/span><\/a>\n","protected":false},"excerpt":{"rendered":"<p>Magnetic Bead Kit zur Extraktion der RNA\/DNA von Pathogenen (Bakterien, Viren, Hefen, Pilze) aus einer unterschiedlichstem Probenmaterial, z.B. Serum, Plasma, oropharyngealer Abstrich, nasopharyngealer Abstrich oder anderen Atemwegsproben; Bulkabf\u00fcllung f\u00fcr 25000 Extraktionen; VE enth\u00e4lt Lysis Buffer PA1, Binding Buffer U1, Wash Buffer I, Wash Buffer II, Elution Buffer, Proteinase K, Poly-A-RNA, Poly-A-RNA Buffer und MagSi-PA VII [&hellip;]<\/p>\n","protected":false},"featured_media":43946,"comment_status":"open","ping_status":"closed","template":"","meta":{"_acf_changed":false},"product_brand":[],"product_cat":[84,93],"product_tag":[],"class_list":{"0":"post-49743","1":"product","2":"type-product","3":"status-publish","4":"has-post-thumbnail","6":"product_cat-dna-rna-aufreinigung","7":"product_cat-magnetic-beads","9":"first","10":"instock","11":"taxable","12":"shipping-taxable","13":"purchasable","14":"product-type-simple"},"acf":[],"_links":{"self":[{"href":"https:\/\/steinbrenner.de\/en\/wp-json\/wp\/v2\/product\/49743","targetHints":{"allow":["GET"]}}],"collection":[{"href":"https:\/\/steinbrenner.de\/en\/wp-json\/wp\/v2\/product"}],"about":[{"href":"https:\/\/steinbrenner.de\/en\/wp-json\/wp\/v2\/types\/product"}],"replies":[{"embeddable":true,"href":"https:\/\/steinbrenner.de\/en\/wp-json\/wp\/v2\/comments?post=49743"}],"wp:featuredmedia":[{"embeddable":true,"href":"https:\/\/steinbrenner.de\/en\/wp-json\/wp\/v2\/media\/43946"}],"wp:attachment":[{"href":"https:\/\/steinbrenner.de\/en\/wp-json\/wp\/v2\/media?parent=49743"}],"wp:term":[{"taxonomy":"product_brand","embeddable":true,"href":"https:\/\/steinbrenner.de\/en\/wp-json\/wp\/v2\/product_brand?post=49743"},{"taxonomy":"product_cat","embeddable":true,"href":"https:\/\/steinbrenner.de\/en\/wp-json\/wp\/v2\/product_cat?post=49743"},{"taxonomy":"product_tag","embeddable":true,"href":"https:\/\/steinbrenner.de\/en\/wp-json\/wp\/v2\/product_tag?post=49743"}],"curies":[{"name":"wp","href":"https:\/\/api.w.org\/{rel}","templated":true}]}}