{"id":50338,"date":"2026-04-07T12:24:13","date_gmt":"2026-04-07T10:24:13","guid":{"rendered":"https:\/\/steinbrenner.de\/produktuebersicht\/unkategorisiert\/verus-food-qpcr-probe-master-mix-fuer-sonden-2x-konzentriert-ohne-rox\/"},"modified":"2026-04-07T12:53:23","modified_gmt":"2026-04-07T10:53:23","slug":"verus-food-qpcr-probe-master-mix-fuer-sonden-2x-konzentriert-ohne-rox","status":"publish","type":"product","link":"https:\/\/steinbrenner.de\/en\/produktuebersicht\/quantitative-pcr\/direct-qpcr-en\/verus-food-qpcr-probe-master-mix-fuer-sonden-2x-konzentriert-ohne-rox\/","title":{"rendered":"Verus FOOD qPCR Probe Master Mix f\u00fcr Sonden, 2x konzentriert, ohne ROX"},"content":{"rendered":"<p>Verus FOOD qPCR Probe Master Mix f\u00fcr Sonden\/Probes;<br \/>\n2x konzentriert, ohne ROX, Hot-Start;<br \/>\nBesonders geeignet f\u00fcr qPCR im Lebensmittelbereich und bei inhibitorbehafteten Proben;<br \/>\ngeeignet f\u00fcr Taqman-, FRET-Probe- oder andere Probe-basierte Assays;<br \/>\nextrem hohe Sensitivit\u00e4t und Spezifit\u00e4t;<br \/>\nMultiplex mit &gt;4 Targets;<\/p>\n<p>f\u00fcr 100 Reaktionen \u00e0 20 \u00b5l<br \/>\n1 VE = 1 ml<br \/>\n<a class=\"maxbutton-2 maxbutton maxbutton-musteranfrage\" target=\"_blank\" title=\"Muster unverbindlich anfragen \u2013 SL-9814 - Verus FOOD qPCR Probe Master Mix f\u00fcr Sonden, 2x konzentriert, ohne ROX\" rel=\"noopener\" href=\"https:\/\/steinbrenner.de\/ueber-uns\/muster-anfragen\/?sample=SL-9814\"><span class='mb-text'>Muster anfragen<\/span><\/a>\n","protected":false},"excerpt":{"rendered":"<p>Verus FOOD qPCR Probe Master Mix f\u00fcr Sonden\/Probes; 2x konzentriert, ohne ROX, Hot-Start; Besonders geeignet f\u00fcr qPCR im Lebensmittelbereich und bei inhibitorbehafteten Proben; geeignet f\u00fcr Taqman-, FRET-Probe- oder andere Probe-basierte Assays; extrem hohe Sensitivit\u00e4t und Spezifit\u00e4t; Multiplex mit &gt;4 Targets; f\u00fcr 100 Reaktionen \u00e0 20 \u00b5l 1 VE = 1 ml<\/p>\n","protected":false},"featured_media":50344,"comment_status":"open","ping_status":"closed","template":"","meta":{"_acf_changed":false},"product_brand":[],"product_cat":[348,71,358],"product_tag":[],"class_list":{"0":"post-50338","1":"product","2":"type-product","3":"status-publish","4":"has-post-thumbnail","6":"product_cat-direct-qpcr-qpcr","7":"product_cat-qpcr","8":"product_cat-sonden-basierte-qpcr-qpcr","10":"first","11":"instock","12":"taxable","13":"shipping-taxable","14":"purchasable","15":"product-type-variable"},"acf":[],"_links":{"self":[{"href":"https:\/\/steinbrenner.de\/en\/wp-json\/wp\/v2\/product\/50338","targetHints":{"allow":["GET"]}}],"collection":[{"href":"https:\/\/steinbrenner.de\/en\/wp-json\/wp\/v2\/product"}],"about":[{"href":"https:\/\/steinbrenner.de\/en\/wp-json\/wp\/v2\/types\/product"}],"replies":[{"embeddable":true,"href":"https:\/\/steinbrenner.de\/en\/wp-json\/wp\/v2\/comments?post=50338"}],"wp:featuredmedia":[{"embeddable":true,"href":"https:\/\/steinbrenner.de\/en\/wp-json\/wp\/v2\/media\/50344"}],"wp:attachment":[{"href":"https:\/\/steinbrenner.de\/en\/wp-json\/wp\/v2\/media?parent=50338"}],"wp:term":[{"taxonomy":"product_brand","embeddable":true,"href":"https:\/\/steinbrenner.de\/en\/wp-json\/wp\/v2\/product_brand?post=50338"},{"taxonomy":"product_cat","embeddable":true,"href":"https:\/\/steinbrenner.de\/en\/wp-json\/wp\/v2\/product_cat?post=50338"},{"taxonomy":"product_tag","embeddable":true,"href":"https:\/\/steinbrenner.de\/en\/wp-json\/wp\/v2\/product_tag?post=50338"}],"curies":[{"name":"wp","href":"https:\/\/api.w.org\/{rel}","templated":true}]}}