{"id":50355,"date":"2026-04-07T14:35:51","date_gmt":"2026-04-07T12:35:51","guid":{"rendered":"https:\/\/steinbrenner.de\/produktuebersicht\/unkategorisiert\/verus-1-step-rt-qpcr-master-mix-mit-sybrgreen-2x-konzentriert\/"},"modified":"2026-04-07T14:39:34","modified_gmt":"2026-04-07T12:39:34","slug":"verus-1-step-rt-qpcr-master-mix-mit-sybrgreen-2x-konzentriert","status":"publish","type":"product","link":"https:\/\/steinbrenner.de\/en\/produktuebersicht\/quantitative-pcr\/one-step-rt-qpcr-en-2\/sybrgreen-qpcr-en\/verus-1-step-rt-qpcr-master-mix-mit-sybrgreen-2x-konzentriert\/","title":{"rendered":"Verus 1-Step RT-qPCR Master Mix mit SYBRGreen, 2x konzentriert"},"content":{"rendered":"<p>Verus Multiplex 1-Step RT-qPCR Master Mix mit SYBRGreen f\u00fcr Dye-basierte Assays; mit Blauf\u00e4rbung;<br \/>\n2x konzentriert;<br \/>\nkein ROX; HotStart;<br \/>\nReady-to-use RT-qPCR Master Mix f\u00fcr cDNA Synthese und qPCR in einem Schritt;<\/p>\n<a class=\"maxbutton-2 maxbutton maxbutton-musteranfrage\" target=\"_blank\" title=\"Muster unverbindlich anfragen \u2013 SL-9514 - Verus 1-Step RT-qPCR Master Mix mit SYBRGreen, 2x konzentriert\" rel=\"noopener\" href=\"https:\/\/steinbrenner.de\/ueber-uns\/muster-anfragen\/?sample=SL-9514\"><span class='mb-text'>Muster anfragen<\/span><\/a>\n","protected":false},"excerpt":{"rendered":"<p>Verus Multiplex 1-Step RT-qPCR Master Mix mit SYBRGreen f\u00fcr Dye-basierte Assays; mit Blauf\u00e4rbung; 2x konzentriert; kein ROX; HotStart; Ready-to-use RT-qPCR Master Mix f\u00fcr cDNA Synthese und qPCR in einem Schritt;<\/p>\n","protected":false},"featured_media":50346,"comment_status":"open","ping_status":"closed","template":"","meta":{"_acf_changed":false},"product_brand":[],"product_cat":[78,71,356],"product_tag":[],"class_list":{"0":"post-50355","1":"product","2":"type-product","3":"status-publish","4":"has-post-thumbnail","6":"product_cat-onesteprtqpcr","7":"product_cat-qpcr","8":"product_cat-sybrgreen-rtqpcr","10":"first","11":"instock","12":"taxable","13":"shipping-taxable","14":"purchasable","15":"product-type-variable"},"acf":[],"_links":{"self":[{"href":"https:\/\/steinbrenner.de\/en\/wp-json\/wp\/v2\/product\/50355","targetHints":{"allow":["GET"]}}],"collection":[{"href":"https:\/\/steinbrenner.de\/en\/wp-json\/wp\/v2\/product"}],"about":[{"href":"https:\/\/steinbrenner.de\/en\/wp-json\/wp\/v2\/types\/product"}],"replies":[{"embeddable":true,"href":"https:\/\/steinbrenner.de\/en\/wp-json\/wp\/v2\/comments?post=50355"}],"wp:featuredmedia":[{"embeddable":true,"href":"https:\/\/steinbrenner.de\/en\/wp-json\/wp\/v2\/media\/50346"}],"wp:attachment":[{"href":"https:\/\/steinbrenner.de\/en\/wp-json\/wp\/v2\/media?parent=50355"}],"wp:term":[{"taxonomy":"product_brand","embeddable":true,"href":"https:\/\/steinbrenner.de\/en\/wp-json\/wp\/v2\/product_brand?post=50355"},{"taxonomy":"product_cat","embeddable":true,"href":"https:\/\/steinbrenner.de\/en\/wp-json\/wp\/v2\/product_cat?post=50355"},{"taxonomy":"product_tag","embeddable":true,"href":"https:\/\/steinbrenner.de\/en\/wp-json\/wp\/v2\/product_tag?post=50355"}],"curies":[{"name":"wp","href":"https:\/\/api.w.org\/{rel}","templated":true}]}}