{"id":50366,"date":"2026-04-09T16:43:56","date_gmt":"2026-04-09T14:43:56","guid":{"rendered":"https:\/\/steinbrenner.de\/produktuebersicht\/unkategorisiert\/rox-referenzfarbstoff-loesung-10-%c2%b5m-100-%c2%b5l-fuer-low-rox-qpcr\/"},"modified":"2026-04-09T16:43:56","modified_gmt":"2026-04-09T14:43:56","slug":"rox-referenzfarbstoff-loesung-10-%c2%b5m-100-%c2%b5l-fuer-low-rox-qpcr","status":"publish","type":"product","link":"https:\/\/steinbrenner.de\/en\/produktuebersicht\/pcr-en\/buffer\/rox-referenzfarbstoff-loesung-10-%c2%b5m-100-%c2%b5l-fuer-low-rox-qpcr\/","title":{"rendered":"ROX Referenzfarbstoff L\u00f6sung, 10 \u00b5M, 100 \u00b5l, f\u00fcr low ROX qPCR"},"content":{"rendered":"<p>ROX Referenzfarbstoff L\u00f6sung f\u00fcr qPCR Anwendungen; Konzentration: 10 \u00b5M;<br \/>\nZugabe zu qPCR Mixen f\u00fcr qPCR Ger\u00e4te, die LOW ROX ben\u00f6tigen.<br \/>\nZugabe von 100 \u00b5l je 1 ml eines 2x konzentrierten Master Mixes;<br \/>\n1 VE = 105 \u00b5l (ausreichend f\u00fcr 1 ml eines 2x Master Mixes)<br \/>\n<a class=\"maxbutton-2 maxbutton maxbutton-musteranfrage\" target=\"_blank\" title=\"Muster unverbindlich anfragen \u2013 SL-9041 - ROX Referenzfarbstoff L\u00f6sung, 10 \u00b5M, 100 \u00b5l, f\u00fcr low ROX qPCR\" rel=\"noopener\" href=\"https:\/\/steinbrenner.de\/ueber-uns\/muster-anfragen\/?sample=SL-9041\"><span class='mb-text'>Muster anfragen<\/span><\/a>\n","protected":false},"excerpt":{"rendered":"<p>ROX Referenzfarbstoff L\u00f6sung f\u00fcr qPCR Anwendungen; Konzentration: 10 \u00b5M; Zugabe zu qPCR Mixen f\u00fcr qPCR Ger\u00e4te, die LOW ROX ben\u00f6tigen. Zugabe von 100 \u00b5l je 1 ml eines 2x konzentrierten Master Mixes; 1 VE = 105 \u00b5l (ausreichend f\u00fcr 1 ml eines 2x Master Mixes)<\/p>\n","protected":false},"featured_media":0,"comment_status":"open","ping_status":"closed","template":"","meta":{"_acf_changed":false},"product_brand":[],"product_cat":[345,71],"product_tag":[],"class_list":{"0":"post-50366","1":"product","2":"type-product","3":"status-publish","5":"product_cat-puffer","6":"product_cat-qpcr","8":"first","9":"instock","10":"taxable","11":"shipping-taxable","12":"purchasable","13":"product-type-simple"},"acf":[],"_links":{"self":[{"href":"https:\/\/steinbrenner.de\/en\/wp-json\/wp\/v2\/product\/50366","targetHints":{"allow":["GET"]}}],"collection":[{"href":"https:\/\/steinbrenner.de\/en\/wp-json\/wp\/v2\/product"}],"about":[{"href":"https:\/\/steinbrenner.de\/en\/wp-json\/wp\/v2\/types\/product"}],"replies":[{"embeddable":true,"href":"https:\/\/steinbrenner.de\/en\/wp-json\/wp\/v2\/comments?post=50366"}],"wp:attachment":[{"href":"https:\/\/steinbrenner.de\/en\/wp-json\/wp\/v2\/media?parent=50366"}],"wp:term":[{"taxonomy":"product_brand","embeddable":true,"href":"https:\/\/steinbrenner.de\/en\/wp-json\/wp\/v2\/product_brand?post=50366"},{"taxonomy":"product_cat","embeddable":true,"href":"https:\/\/steinbrenner.de\/en\/wp-json\/wp\/v2\/product_cat?post=50366"},{"taxonomy":"product_tag","embeddable":true,"href":"https:\/\/steinbrenner.de\/en\/wp-json\/wp\/v2\/product_tag?post=50366"}],"curies":[{"name":"wp","href":"https:\/\/api.w.org\/{rel}","templated":true}]}}